{"id":17136,"date":"2020-10-01T15:12:00","date_gmt":"2020-10-01T14:12:00","guid":{"rendered":"https:\/\/www.iucn.nl\/?page_id=17136"},"modified":"2021-07-06T14:12:34","modified_gmt":"2021-07-06T13:12:34","slug":"iucn-congress-2020-series-four-stories-from-our-partners","status":"publish","type":"page","link":"https:\/\/www.iucn.nl\/en\/iucn-congress-2020-series-four-stories-from-our-partners\/","title":{"rendered":"IUCN Congress series: four stories from our partners"},"content":{"rendered":"<div class=\"block block-container small-12 large-offset-1 large-10\">\n<p><em><span class=\"has-inline-color has-cyan-bluish-gray-color\">Header photo: Evergreen forest \u00a9 Gonzalo Pizarro \/ Naturaleza y Cultura Internacional<\/span><\/em><\/p>\n<\/div>\n\n<div class=\"block block-container small-12 large-offset-1 large-10\">\n<h4 class=\"wp-block-heading\">The IUCN Congress will take place from 3 to 10 September 2021 and bring together the global nature conservation community and allow civil society organisations to share their work and knowledge. In a series of four articles, IUCN NL\u2019s partner organisations from around the world tell us about their work for nature and people.<\/h4>\n<\/div>\n\n<div class=\"block block-container small-12 large-offset-1 large-10\">\n<h2 class=\"wp-block-heading\">1. Innovative strategies &amp; tools for effective conservation<\/h2>\n<\/div>\n\n<div class=\"block block-container small-12 large-offset-1 large-10\">\n<p>The Guiana Shield and the Chaco Pantanal regions in Bolivia and Paraguay are rich in biodiversity and offer critical livelihoods to local and Indigenous communities. But these biodiverse landscapes are threatened by climate change and intensive activities. To address these challenges, our local partner organisations identified three innovative strategies and tools for effective conservation.<\/p>\n<\/div>\n\n<div class=\"block block-container small-12 large-offset-1 large-10\">\n<div class=\"wp-block-buttons is-layout-flex wp-block-buttons-is-layout-flex\">\n<div class=\"wp-block-button\"><a class=\"wp-block-button__link\" href=\"https:\/\/www.iucn.nl\/en\/story\/iucn-congress-2020-series-innovative-strategies-tools-for-effective-conservation\/\" target=\"_blank\" rel=\"noreferrer noopener\">Read the full article to discover strategies and tools for conservation<\/a><\/div>\n<\/div>\n<\/div>\n\n<div class=\"block block-container small-12 large-offset-1 large-10\">\n<p>A number of the IUCN Congress motions that were up for electronic vote are linked to the work that our partners in Bolivia and Paraguay do for and with Indigenous Peoples.<\/p>\n<\/div>\n\n<div class=\"block block-container small-12 large-offset-1 large-10\">\n<h2 class=\"wp-block-heading\">2. Mobilising African youth for nature conservation<\/h2>\n<\/div>\n\n<div class=\"block block-container small-12 large-offset-1 large-10\">\n<p>In West Africa, youth have long been largely indifferent towards nature conservation: \u2018By 2030, the majority of young people in will live in cities and become disconnected from nature,\u2019 says our partner Georges H\u00e8d\u00e9gb\u00e8tan.<\/p>\n<\/div>\n\n<div class=\"block block-container small-12 large-offset-1 large-10\">\n<p>To tackle the threats to biodiversity in West Africa, youth needs to be mobilized for nature conservation. Two of IUCN NL\u2019s partner organisations in Benin are doing this in a number of ways.<\/p>\n<\/div>\n\n<div class=\"block block-container small-12 large-offset-1 large-10\">\n<div class=\"wp-block-buttons is-layout-flex wp-block-buttons-is-layout-flex\">\n<div class=\"wp-block-button\"><a class=\"wp-block-button__link\" href=\"https:\/\/www.iucn.nl\/en\/story\/iucn-congress-2020-series-mobilising-west-african-youth-for-nature-conservation\/\" target=\"_blank\" rel=\"noreferrer noopener\">Learn how African NGOs are engaging youth in conservation<\/a><\/div>\n<\/div>\n<\/div>\n\n<div class=\"block block-container small-12 large-offset-1 large-10\">\n<blockquote class=\"wp-block-quote is-layout-flow wp-block-quote-is-layout-flow\"><p>\u2018Motion 045 can help to reinforce the importance of nature for people and more directly for indigenous communities. They do not have an alternative for nature, it is their only livelihood.\u2019<\/p><cite>Natalia Araujo, Natura Bolivia<\/cite><\/blockquote>\n<\/div>\n\n<div class=\"block block-container small-12 large-offset-1 large-10\">\n<h2 class=\"wp-block-heading\">3. Strengthening civil society to protect Indigenous territory in the Gran Chaco<\/h2>\n<\/div>\n\n<div class=\"block block-container small-12 large-offset-1 large-10\">\n<p>The Gran Chaco is the largest continuous dry forest in South America and is the only ecoregion after the Amazon that still hosts isolated indigenous groups living in the forest. But their livelihoods and the nature they protect are under increasing threat. <\/p>\n<\/div>\n\n<div class=\"block block-container small-12 large-offset-1 large-10\">\n<p>Strengthening civil society organizations which represent these isolated people is the key for the conservation of natural resources and public goods.<\/p>\n<\/div>\n\n<div class=\"block block-container small-12 large-offset-1 large-10\">\n<div class=\"wp-block-buttons is-layout-flex wp-block-buttons-is-layout-flex\">\n<div class=\"wp-block-button\"><a class=\"wp-block-button__link\" href=\"https:\/\/www.iucn.nl\/en\/story\/iucn-congress-2020-series-strengthening-civil-society-to-protect-indigenous-territory-in-the-gran-chaco\/\" target=\"_blank\" rel=\"noreferrer noopener\">Discover how our partners strengthen civil society in the Gran Chaco<\/a><\/div>\n<\/div>\n<\/div>\n\n<div class=\"block block-container small-12 large-offset-1 large-10\">\n<h2 class=\"wp-block-heading\">4. Indigenous communities fight oil and gas activities in Uganda and DRC<\/h2>\n<\/div>\n\n<div class=\"block block-container small-12 large-offset-1 large-10\">\n<p>Communities, activists and civil society organizations (CSOs) in Uganda and the DRC are resisting oil and gas activities in sensitive areas. These vital ecosystems provide a habitat for wildlife and livelihoods for local communities. Through building a strong movement, the CSOs hope to stop oil exploration and initiate a just energy transition.<\/p>\n<\/div>\n\n<div class=\"block block-container small-12 large-offset-1 large-10\">\n<div class=\"wp-block-buttons is-layout-flex wp-block-buttons-is-layout-flex\">\n<div class=\"wp-block-button\"><a class=\"wp-block-button__link\" href=\"https:\/\/www.iucn.nl\/en\/story\/iucn-congress-2020-series-indigenous-communities-fight-oil-and-gas-activities-in-uganda-and-drc\/\" target=\"_blank\" rel=\"noreferrer noopener\">Learn how movement building can help stop oil exploration<\/a><\/div>\n<\/div>\n<\/div>\n\n\n<div class=\"background background-preset-primary\" id=\"block_60672137fe157\">\n             <div class=\"dark custom-padding-top\">\n    \n\n<div class=\"block block-container small-12 large-offset-1 large-10\">\n<h2 class=\"wp-block-heading\">IUCN Congress motions<\/h2>\n<\/div>\n\n<div class=\"block block-container small-12 large-offset-1 large-10\">\n<p>Leading up to and during the Member\u2019s Assembly at the IUCN World Conservation Congress in 2021, IUCN Members can vote to approve motions. They are the mechanism by which IUCN Members influence third parties and guide the policy and Programme of IUCN. A part of the motions was sent for vote by electronic ballot from 7 to 21 October 2020.<\/p>\n<\/div>\n\n<div class=\"block block-container small-12 large-offset-1 large-10\">\n<p>More information and the full list of motions can be found on the <a rel=\"noreferrer noopener\" href=\"https:\/\/www.iucncongress2020.org\/event\/members-assembly\/motions\" target=\"_blank\">official Congress website<\/a>.<\/p>\n<\/div>\n\n\n\n    <\/div>\n<\/div>\n\n","protected":false},"excerpt":{"rendered":"<p>Header photo: Evergreen forest \u00a9 Gonzalo Pizarro \/ Naturaleza y Cultura Internacional The IUCN Congress will take place from 3 to 10 September 2021 and bring together the global nature conservation community and allow civil society organisations to share their work and knowledge. In a series of four articles, IUCN NL\u2019s partner organisations from around [&hellip;]<\/p>\n","protected":false},"author":8,"featured_media":17141,"parent":0,"menu_order":0,"comment_status":"closed","ping_status":"closed","template":"","meta":{"_acf_changed":false,"_seopress_robots_primary_cat":"","_seopress_titles_title":"","_seopress_titles_desc":"","_seopress_robots_index":"","footnotes":""},"class_list":["post-17136","page","type-page","status-publish","has-post-thumbnail","hentry"],"acf":[],"_links":{"self":[{"href":"https:\/\/www.iucn.nl\/en\/wp-json\/wp\/v2\/pages\/17136","targetHints":{"allow":["GET"]}}],"collection":[{"href":"https:\/\/www.iucn.nl\/en\/wp-json\/wp\/v2\/pages"}],"about":[{"href":"https:\/\/www.iucn.nl\/en\/wp-json\/wp\/v2\/types\/page"}],"author":[{"embeddable":true,"href":"https:\/\/www.iucn.nl\/en\/wp-json\/wp\/v2\/users\/8"}],"replies":[{"embeddable":true,"href":"https:\/\/www.iucn.nl\/en\/wp-json\/wp\/v2\/comments?post=17136"}],"version-history":[{"count":24,"href":"https:\/\/www.iucn.nl\/en\/wp-json\/wp\/v2\/pages\/17136\/revisions"}],"predecessor-version":[{"id":42512,"href":"https:\/\/www.iucn.nl\/en\/wp-json\/wp\/v2\/pages\/17136\/revisions\/42512"}],"wp:featuredmedia":[{"embeddable":true,"href":"https:\/\/www.iucn.nl\/en\/wp-json\/wp\/v2\/media\/17141"}],"wp:attachment":[{"href":"https:\/\/www.iucn.nl\/en\/wp-json\/wp\/v2\/media?parent=17136"}],"curies":[{"name":"wp","href":"https:\/\/api.w.org\/{rel}","templated":true}]}}